{"id":33362,"date":"2012-04-02T20:00:47","date_gmt":"2012-04-02T20:00:47","guid":{"rendered":"http:\/\/www.mitologie.eu\/?page_id=185"},"modified":"2018-12-08T18:44:01","modified_gmt":"2018-12-08T17:44:01","slug":"festiwale-peerelu","status":"publish","type":"page","link":"https:\/\/ooops.pl\/?page_id=33362","title":{"rendered":"Festiwale Peerelu"},"content":{"rendered":"<p>Zbieramy, opisujemy, analizujemy\u2026 G\u0142ownie, lecz nie tylko tzw. festiwale muzyczne \u2013 cho\u0107 to okre\u015blenie jest, bywa niekiedy myl\u0105ce. Czekamy na uwagi, maile, relacje \u015bwiadk\u00f3w przede wszystkim. Chcemy naprawd\u0119 du\u017co zrobi\u0107;<br \/>\nmr makowski<br \/>\nKonrad Wojciechowski<\/p>\n","protected":false},"excerpt":{"rendered":"<p>Zbieramy, opisujemy, analizujemy\u2026 G\u0142ownie, lecz nie tylko tzw. festiwale muzyczne \u2013 cho\u0107 to okre\u015blenie jest, bywa niekiedy myl\u0105ce. Czekamy na uwagi, maile, relacje \u015bwiadk\u00f3w przede wszystkim. Chcemy naprawd\u0119 du\u017co zrobi\u0107; mr makowski Konrad Wojciechowski<\/p>\n","protected":false},"author":1,"featured_media":0,"parent":0,"menu_order":0,"comment_status":"closed","ping_status":"open","template":"","meta":{"footnotes":""},"class_list":["post-33362","page","type-page","status-publish","hentry"],"_links":{"self":[{"href":"https:\/\/ooops.pl\/index.php?rest_route=\/wp\/v2\/pages\/33362","targetHints":{"allow":["GET"]}}],"collection":[{"href":"https:\/\/ooops.pl\/index.php?rest_route=\/wp\/v2\/pages"}],"about":[{"href":"https:\/\/ooops.pl\/index.php?rest_route=\/wp\/v2\/types\/page"}],"author":[{"embeddable":true,"href":"https:\/\/ooops.pl\/index.php?rest_route=\/wp\/v2\/users\/1"}],"replies":[{"embeddable":true,"href":"https:\/\/ooops.pl\/index.php?rest_route=%2Fwp%2Fv2%2Fcomments&post=33362"}],"version-history":[{"count":1,"href":"https:\/\/ooops.pl\/index.php?rest_route=\/wp\/v2\/pages\/33362\/revisions"}],"predecessor-version":[{"id":34968,"href":"https:\/\/ooops.pl\/index.php?rest_route=\/wp\/v2\/pages\/33362\/revisions\/34968"}],"wp:attachment":[{"href":"https:\/\/ooops.pl\/index.php?rest_route=%2Fwp%2Fv2%2Fmedia&parent=33362"}],"curies":[{"name":"wp","href":"https:\/\/api.w.org\/{rel}","templated":true}]}}