{"id":18790,"date":"2012-08-08T12:33:30","date_gmt":"2012-08-08T11:33:30","guid":{"rendered":"https:\/\/ooops.pl\/?page_id=18790"},"modified":"2023-04-12T17:08:13","modified_gmt":"2023-04-12T15:08:13","slug":"regementarz","status":"publish","type":"page","link":"https:\/\/ooops.pl\/?page_id=18790","title":{"rendered":"[regementarz]"},"content":{"rendered":"<p>kiedy\u015b by\u0142a strona www, dzi\u015b tylko niekt\u00f3re pliki (np. <a href=\"https:\/\/ooops.pl\/?page_id=37326\"><strong>audio)<\/strong><\/a> tu oraz <a href=\"http:\/\/pracownia52.pl\/www\/?p=2889\"><strong>tam<\/strong><\/a> \u2013 i te\u017c <a href=\"https:\/\/ooops.pl\/?s=regementarz\"><strong>elementy ze strony<\/strong><\/a>:<\/p>\n<p><a href=\"http:\/\/pracownia52.pl\/www\/?p=2889\"><img loading=\"lazy\" decoding=\"async\" class=\"alignnone size-full wp-image-18975\" title=\"Reggae-book-niekt\u00f3re-strony-2012-_Strona_03\" src=\"https:\/\/ooops.pl\/wp-content\/uploads\/2012\/08\/Reggae-book-niekt\u00f3re-strony-2012-_Strona_03.jpg\" alt=\"\" width=\"805\" height=\"547\" srcset=\"https:\/\/ooops.pl\/wp-content\/uploads\/2012\/08\/Reggae-book-niekt\u00f3re-strony-2012-_Strona_03.jpg 805w, https:\/\/ooops.pl\/wp-content\/uploads\/2012\/08\/Reggae-book-niekt\u00f3re-strony-2012-_Strona_03-300x204.jpg 300w, https:\/\/ooops.pl\/wp-content\/uploads\/2012\/08\/Reggae-book-niekt\u00f3re-strony-2012-_Strona_03-768x522.jpg 768w, https:\/\/ooops.pl\/wp-content\/uploads\/2012\/08\/Reggae-book-niekt\u00f3re-strony-2012-_Strona_03-520x353.jpg 520w, https:\/\/ooops.pl\/wp-content\/uploads\/2012\/08\/Reggae-book-niekt\u00f3re-strony-2012-_Strona_03-740x503.jpg 740w, https:\/\/ooops.pl\/wp-content\/uploads\/2012\/08\/Reggae-book-niekt\u00f3re-strony-2012-_Strona_03-624x424.jpg 624w\" sizes=\"auto, (max-width: 805px) 100vw, 805px\" \/><\/a><\/p>\n","protected":false},"excerpt":{"rendered":"<p>kiedy\u015b by\u0142a strona www, dzi\u015b tylko niekt\u00f3re pliki (np. audio) tu oraz tam \u2013 i te\u017c elementy ze strony:<\/p>\n","protected":false},"author":1,"featured_media":0,"parent":0,"menu_order":0,"comment_status":"open","ping_status":"open","template":"","meta":{"footnotes":""},"class_list":["post-18790","page","type-page","status-publish","hentry"],"_links":{"self":[{"href":"https:\/\/ooops.pl\/index.php?rest_route=\/wp\/v2\/pages\/18790","targetHints":{"allow":["GET"]}}],"collection":[{"href":"https:\/\/ooops.pl\/index.php?rest_route=\/wp\/v2\/pages"}],"about":[{"href":"https:\/\/ooops.pl\/index.php?rest_route=\/wp\/v2\/types\/page"}],"author":[{"embeddable":true,"href":"https:\/\/ooops.pl\/index.php?rest_route=\/wp\/v2\/users\/1"}],"replies":[{"embeddable":true,"href":"https:\/\/ooops.pl\/index.php?rest_route=%2Fwp%2Fv2%2Fcomments&post=18790"}],"version-history":[{"count":11,"href":"https:\/\/ooops.pl\/index.php?rest_route=\/wp\/v2\/pages\/18790\/revisions"}],"predecessor-version":[{"id":37439,"href":"https:\/\/ooops.pl\/index.php?rest_route=\/wp\/v2\/pages\/18790\/revisions\/37439"}],"wp:attachment":[{"href":"https:\/\/ooops.pl\/index.php?rest_route=%2Fwp%2Fv2%2Fmedia&parent=18790"}],"curies":[{"name":"wp","href":"https:\/\/api.w.org\/{rel}","templated":true}]}}